{"id":294,"date":"2024-01-10T22:07:40","date_gmt":"2024-01-10T20:07:40","guid":{"rendered":"https:\/\/www.daily-lama.com\/wellengang\/?page_id=294"},"modified":"2024-03-26T16:31:44","modified_gmt":"2024-03-26T14:31:44","slug":"achtsamkeit-live-online-erlernen","status":"publish","type":"page","link":"https:\/\/www.daily-lama.com\/wellengang\/achtsamkeit-live-online-erlernen\/","title":{"rendered":"<div style=\"display: none\">ACHTSAMKEIT LIVE ONLINE erlernen<div>"},"content":{"rendered":"<div class=\"n2_ss_slider_publish__option_code\" dir=\"ltr\" data-mode=\"id\"><\/div>\n<p><div class=\"sixcol-one\"><\/div> <div class=\"sixcol-four\">\n<h1 style=\"margin-top: 1.5em; text-align: center;\"><span style=\"color: #9b9898;\">VIRTUELL LERNEN &#8211; IM ALLTAG PROFITIEREN<\/span><\/h1>\n<h1 style=\"margin-top: 1em; text-align: center; fontsize: 1.2em; font-family: Verdana;\">Achtsamkeit erlernen zuhause<\/h1>\n<div style=\"padding: 1.5em; border-left: 1px solid #555; border-right: 1px solid #555;\">\n<p style=\"text-align: left;\"><strong>Sie m\u00f6chten Achtsamkeit Online erlernen, bei einem erfahrenen Coach? <\/strong>Der Kurs f\u00fchrt inspirierend, klar und nachvollziehbar ein in das Thema Achtsamkeit. Profitieren Sie vom Potenzial der Achtsamkeit, wo immer Sie wohnen oder wo Sie gerade sind. Dies geschieht mit dem bekannten <strong>stressfrei-Programm mbsr<\/strong> (mindfulness based stress reduction).<\/p>\n<p style=\"text-align: left;\">So \u00fcberwinden Sie Kr\u00e4fte zehrenden Stress und finden zu innerer Ruhe, St\u00e4rke und Gelassenheit. Der Weg f\u00fchrt &#8211; klar und einfach &#8211; \u00fcber die achtame Auseinandersetzung mit dem eigenen Leben.<\/p>\n<p style=\"text-align: left;\"><strong>Per Skype oder Zoom erleben Sie mbsr\/Achtsamkeit wie in einem Achtsamkeitstraining vor Ort in Ihrer Stadt.<\/strong> In 8 Mal 90-120 Minuten Minuten erhalten Sie Anleitung und viel Raum f\u00fcr Ihre pers\u00f6nlichen Anliegen. Der Preis f\u00fcr diesen Intensivkurs reduziert sich bei mehreren Teilnehmern.<\/p>\n<table style=\"margin-left: auto; margin-right: auto; margin-top: 2em; width: 80%;\">\n<tbody>\n<tr>\n<th style=\"padding: 1em;\" colspan=\"2\">Kosten* Achtsamkeit Live Online-Training<\/th>\n<\/tr>\n<\/tbody>\n<tbody>\n<tr>\n<td style=\"padding: 1em;\">1 Teilnehmer (1:1-Session)<span style=\"color: #b91e1e;\"><br \/>\n<\/span><\/td>\n<td style=\"padding: 1em; text-align: left;\">800 \u20ac<\/td>\n<\/tr>\n<tr>\n<td style=\"padding: 1em;\">2 Teilnehmer<\/td>\n<td style=\"padding: 1em; text-align: left;\">500 \u20ac<\/td>\n<\/tr>\n<tr>\n<td style=\"padding: 1em;\">3-6 Teilnehmer<\/td>\n<td style=\"padding: 1em; text-align: left;\">400 \u20ac<\/td>\n<\/tr>\n<tr>\n<td style=\"padding: 1em;\">* Honorar zzgl. Ust<\/td>\n<td style=\"text-align: right;\"><\/td>\n<\/tr>\n<\/tbody>\n<\/table>\n<\/div>\n<h3 style=\"text-align: center;\"><div class=\"woo-sc-divider\"><\/div><div class=\"woo-sc-hr\"><\/div>Erst mal Achtsamkeit &#8222;schnuppern&#8220; mit dem beliebten Ebook?<\/h3>\n<p><a href=\"https:\/\/www.daily-lama.com\/wellengang\/buecher-zu-achtsamkeit-und-auszeit\/\"><img loading=\"lazy\" decoding=\"async\" id=\"space40\" class=\"aligncenter size-medium wp-image-496\" style=\"border: 1px solid grey;\" src=\"https:\/\/www.daily-lama.com\/wellengang\/wp-content\/uploads\/sites\/2\/2024_buchcover-mbsr-194x300.png\" alt=\"Stress und Achtsamkeit, 8-Wochen-Kurs f\u00fcr Selbstlerner\" width=\"194\" height=\"300\" srcset=\"https:\/\/www.daily-lama.com\/wellengang\/wp-content\/uploads\/sites\/2\/2024_buchcover-mbsr-194x300.png 194w, https:\/\/www.daily-lama.com\/wellengang\/wp-content\/uploads\/sites\/2\/2024_buchcover-mbsr-129x200.png 129w, https:\/\/www.daily-lama.com\/wellengang\/wp-content\/uploads\/sites\/2\/2024_buchcover-mbsr.png 506w\" sizes=\"auto, (max-width: 194px) 100vw, 194px\" \/><\/a><\/p>\n<h2><div class=\"woo-sc-hr\"><\/div><\/h2>\n<h2 style=\"text-align: center;\">Details zum Kurs: ACHTSAMKEIT LIVE ONLINE<\/h2>\n<table style=\"border-spacing: 0px; border: 0px solid; margin-left: auto; margin-right: auto; width: 80%;\">\n<tbody>\n<tr>\n<td style=\"width: 30%; padding: 1em;\"><strong>Start<\/strong><\/td>\n<td>Monatlicher Start<\/td>\n<\/tr>\n<tr>\n<td style=\"padding: 1em;\"><strong>Anmeldung bis<\/strong><\/td>\n<td style=\"padding: 1em;\">Jederzeit telefonisch <a href=\"mailto:th@daily-lama.com\">per mail: th@daily-lama.com<\/a><\/td>\n<\/tr>\n<tr>\n<td style=\"padding: 1em;\"><strong>Ort der Teilnahme<br \/>\n<\/strong><\/td>\n<td style=\"padding: 1em;\">Wo immer Sie gerade sind<\/td>\n<\/tr>\n<tr>\n<td style=\"padding: 1em;\"><strong>Leistungen<\/strong><\/td>\n<td style=\"padding: 1em;\">\n<ul>\n<li>Kursunterlagen, optimiert f\u00fcr das Selbststudium (Text und Audio)<\/li>\n<li><strong>w\u00f6chentliche Beratung und Begleitung im pers\u00f6nlichen Live Kontakt per Skype\/Zoom<\/strong><\/li>\n<li>Telefonisches Vor- und Nachgespr\u00e4ch<\/li>\n<\/ul>\n<\/td>\n<\/tr>\n<\/tbody>\n<\/table>\n<p style=\"text-align: center;\"><strong>Sie w\u00fcnschen sich mehr Informationen? Wir freuen uns auf Ihren Anruf!<\/strong><\/p>\n<p><img loading=\"lazy\" decoding=\"async\" class=\"aligncenter size-full wp-image-330\" style=\"margin-top: 2em;\" src=\"https:\/\/www.daily-lama.com\/wellengang\/wp-content\/uploads\/sites\/2\/Adress-Kuller-2.png\" alt=\"Adresse Achtsamkeitstraining\" width=\"209\" height=\"206\" srcset=\"https:\/\/www.daily-lama.com\/wellengang\/wp-content\/uploads\/sites\/2\/Adress-Kuller-2.png 209w, https:\/\/www.daily-lama.com\/wellengang\/wp-content\/uploads\/sites\/2\/Adress-Kuller-2-203x200.png 203w\" sizes=\"auto, (max-width: 209px) 100vw, 209px\" \/><\/div> <div class=\"sixcol-one last\"><\/div><div class=\"clear\"><\/div><\/p>\n","protected":false},"excerpt":{"rendered":"","protected":false},"author":1,"featured_media":189,"parent":0,"menu_order":0,"comment_status":"closed","ping_status":"closed","template":"","meta":{"footnotes":""},"class_list":["post-294","page","type-page","status-publish","has-post-thumbnail","hentry"],"yoast_head":"<!-- This site is optimized with the Yoast SEO plugin v27.5 - https:\/\/yoast.com\/product\/yoast-seo-wordpress\/ -->\n<title>ACHTSAMKEIT LIVE ONLINE erlernen - Wellengang<\/title>\n<meta name=\"description\" content=\"In 8 Treffen per Skype oder Zoom genie\u00dfen und \u00fcben Sie Achtsamkeit mit intensiver individueller Betreuung (je 90-120 min.).\" \/>\n<meta name=\"robots\" content=\"index, follow, max-snippet:-1, max-image-preview:large, max-video-preview:-1\" \/>\n<link rel=\"canonical\" href=\"https:\/\/www.daily-lama.com\/wellengang\/achtsamkeit-live-online-erlernen\/\" \/>\n<meta property=\"og:locale\" content=\"de_DE\" \/>\n<meta property=\"og:type\" content=\"article\" \/>\n<meta property=\"og:title\" content=\"ACHTSAMKEIT LIVE ONLINE erlernen - Wellengang\" \/>\n<meta property=\"og:description\" content=\"In 8 Treffen per Skype oder Zoom genie\u00dfen und \u00fcben Sie Achtsamkeit mit intensiver individueller Betreuung (je 90-120 min.).\" \/>\n<meta property=\"og:url\" content=\"https:\/\/www.daily-lama.com\/wellengang\/achtsamkeit-live-online-erlernen\/\" \/>\n<meta property=\"og:site_name\" content=\"Wellengang\" \/>\n<meta property=\"article:modified_time\" content=\"2024-03-26T14:31:44+00:00\" \/>\n<meta property=\"og:image\" content=\"https:\/\/www.daily-lama.com\/wellengang\/wp-content\/uploads\/sites\/2\/wellen-1600x531-1.jpg\" \/>\n\t<meta property=\"og:image:width\" content=\"1600\" \/>\n\t<meta property=\"og:image:height\" content=\"531\" \/>\n\t<meta property=\"og:image:type\" content=\"image\/jpeg\" \/>\n<meta name=\"twitter:card\" content=\"summary_large_image\" \/>\n<meta name=\"twitter:label1\" content=\"Gesch\u00e4tzte Lesezeit\" \/>\n\t<meta name=\"twitter:data1\" content=\"2\u00a0Minuten\" \/>\n<script type=\"application\/ld+json\" class=\"yoast-schema-graph\">{\"@context\":\"https:\\\/\\\/schema.org\",\"@graph\":[{\"@type\":\"WebPage\",\"@id\":\"https:\\\/\\\/www.daily-lama.com\\\/wellengang\\\/achtsamkeit-live-online-erlernen\\\/\",\"url\":\"https:\\\/\\\/www.daily-lama.com\\\/wellengang\\\/achtsamkeit-live-online-erlernen\\\/\",\"name\":\"ACHTSAMKEIT LIVE ONLINE erlernen - Wellengang\",\"isPartOf\":{\"@id\":\"https:\\\/\\\/www.daily-lama.com\\\/wellengang\\\/#website\"},\"primaryImageOfPage\":{\"@id\":\"https:\\\/\\\/www.daily-lama.com\\\/wellengang\\\/achtsamkeit-live-online-erlernen\\\/#primaryimage\"},\"image\":{\"@id\":\"https:\\\/\\\/www.daily-lama.com\\\/wellengang\\\/achtsamkeit-live-online-erlernen\\\/#primaryimage\"},\"thumbnailUrl\":\"https:\\\/\\\/www.daily-lama.com\\\/wellengang\\\/wp-content\\\/uploads\\\/sites\\\/2\\\/wellen-1600x531-1.jpg\",\"datePublished\":\"2024-01-10T20:07:40+00:00\",\"dateModified\":\"2024-03-26T14:31:44+00:00\",\"description\":\"In 8 Treffen per Skype oder Zoom genie\u00dfen und \u00fcben Sie Achtsamkeit mit intensiver individueller Betreuung (je 90-120 min.).\",\"breadcrumb\":{\"@id\":\"https:\\\/\\\/www.daily-lama.com\\\/wellengang\\\/achtsamkeit-live-online-erlernen\\\/#breadcrumb\"},\"inLanguage\":\"de\",\"potentialAction\":[{\"@type\":\"ReadAction\",\"target\":[\"https:\\\/\\\/www.daily-lama.com\\\/wellengang\\\/achtsamkeit-live-online-erlernen\\\/\"]}]},{\"@type\":\"ImageObject\",\"inLanguage\":\"de\",\"@id\":\"https:\\\/\\\/www.daily-lama.com\\\/wellengang\\\/achtsamkeit-live-online-erlernen\\\/#primaryimage\",\"url\":\"https:\\\/\\\/www.daily-lama.com\\\/wellengang\\\/wp-content\\\/uploads\\\/sites\\\/2\\\/wellen-1600x531-1.jpg\",\"contentUrl\":\"https:\\\/\\\/www.daily-lama.com\\\/wellengang\\\/wp-content\\\/uploads\\\/sites\\\/2\\\/wellen-1600x531-1.jpg\",\"width\":1600,\"height\":531,\"caption\":\"Bild: Welle\"},{\"@type\":\"BreadcrumbList\",\"@id\":\"https:\\\/\\\/www.daily-lama.com\\\/wellengang\\\/achtsamkeit-live-online-erlernen\\\/#breadcrumb\",\"itemListElement\":[{\"@type\":\"ListItem\",\"position\":1,\"name\":\"Startseite\",\"item\":\"https:\\\/\\\/www.daily-lama.com\\\/wellengang\\\/\"},{\"@type\":\"ListItem\",\"position\":2,\"name\":\"ACHTSAMKEIT LIVE ONLINE erlernen\"}]},{\"@type\":\"WebSite\",\"@id\":\"https:\\\/\\\/www.daily-lama.com\\\/wellengang\\\/#website\",\"url\":\"https:\\\/\\\/www.daily-lama.com\\\/wellengang\\\/\",\"name\":\"Wellengang\",\"description\":\"Stark im Sturm | Gelassen im Alltag\",\"potentialAction\":[{\"@type\":\"SearchAction\",\"target\":{\"@type\":\"EntryPoint\",\"urlTemplate\":\"https:\\\/\\\/www.daily-lama.com\\\/wellengang\\\/?s={search_term_string}\"},\"query-input\":{\"@type\":\"PropertyValueSpecification\",\"valueRequired\":true,\"valueName\":\"search_term_string\"}}],\"inLanguage\":\"de\"}]}<\/script>\n<!-- \/ Yoast SEO plugin. -->","yoast_head_json":{"title":"ACHTSAMKEIT LIVE ONLINE erlernen - Wellengang","description":"In 8 Treffen per Skype oder Zoom genie\u00dfen und \u00fcben Sie Achtsamkeit mit intensiver individueller Betreuung (je 90-120 min.).","robots":{"index":"index","follow":"follow","max-snippet":"max-snippet:-1","max-image-preview":"max-image-preview:large","max-video-preview":"max-video-preview:-1"},"canonical":"https:\/\/www.daily-lama.com\/wellengang\/achtsamkeit-live-online-erlernen\/","og_locale":"de_DE","og_type":"article","og_title":"ACHTSAMKEIT LIVE ONLINE erlernen - Wellengang","og_description":"In 8 Treffen per Skype oder Zoom genie\u00dfen und \u00fcben Sie Achtsamkeit mit intensiver individueller Betreuung (je 90-120 min.).","og_url":"https:\/\/www.daily-lama.com\/wellengang\/achtsamkeit-live-online-erlernen\/","og_site_name":"Wellengang","article_modified_time":"2024-03-26T14:31:44+00:00","og_image":[{"width":1600,"height":531,"url":"https:\/\/www.daily-lama.com\/wellengang\/wp-content\/uploads\/sites\/2\/wellen-1600x531-1.jpg","type":"image\/jpeg"}],"twitter_card":"summary_large_image","twitter_misc":{"Gesch\u00e4tzte Lesezeit":"2\u00a0Minuten"},"schema":{"@context":"https:\/\/schema.org","@graph":[{"@type":"WebPage","@id":"https:\/\/www.daily-lama.com\/wellengang\/achtsamkeit-live-online-erlernen\/","url":"https:\/\/www.daily-lama.com\/wellengang\/achtsamkeit-live-online-erlernen\/","name":"ACHTSAMKEIT LIVE ONLINE erlernen - Wellengang","isPartOf":{"@id":"https:\/\/www.daily-lama.com\/wellengang\/#website"},"primaryImageOfPage":{"@id":"https:\/\/www.daily-lama.com\/wellengang\/achtsamkeit-live-online-erlernen\/#primaryimage"},"image":{"@id":"https:\/\/www.daily-lama.com\/wellengang\/achtsamkeit-live-online-erlernen\/#primaryimage"},"thumbnailUrl":"https:\/\/www.daily-lama.com\/wellengang\/wp-content\/uploads\/sites\/2\/wellen-1600x531-1.jpg","datePublished":"2024-01-10T20:07:40+00:00","dateModified":"2024-03-26T14:31:44+00:00","description":"In 8 Treffen per Skype oder Zoom genie\u00dfen und \u00fcben Sie Achtsamkeit mit intensiver individueller Betreuung (je 90-120 min.).","breadcrumb":{"@id":"https:\/\/www.daily-lama.com\/wellengang\/achtsamkeit-live-online-erlernen\/#breadcrumb"},"inLanguage":"de","potentialAction":[{"@type":"ReadAction","target":["https:\/\/www.daily-lama.com\/wellengang\/achtsamkeit-live-online-erlernen\/"]}]},{"@type":"ImageObject","inLanguage":"de","@id":"https:\/\/www.daily-lama.com\/wellengang\/achtsamkeit-live-online-erlernen\/#primaryimage","url":"https:\/\/www.daily-lama.com\/wellengang\/wp-content\/uploads\/sites\/2\/wellen-1600x531-1.jpg","contentUrl":"https:\/\/www.daily-lama.com\/wellengang\/wp-content\/uploads\/sites\/2\/wellen-1600x531-1.jpg","width":1600,"height":531,"caption":"Bild: Welle"},{"@type":"BreadcrumbList","@id":"https:\/\/www.daily-lama.com\/wellengang\/achtsamkeit-live-online-erlernen\/#breadcrumb","itemListElement":[{"@type":"ListItem","position":1,"name":"Startseite","item":"https:\/\/www.daily-lama.com\/wellengang\/"},{"@type":"ListItem","position":2,"name":"ACHTSAMKEIT LIVE ONLINE erlernen"}]},{"@type":"WebSite","@id":"https:\/\/www.daily-lama.com\/wellengang\/#website","url":"https:\/\/www.daily-lama.com\/wellengang\/","name":"Wellengang","description":"Stark im Sturm | Gelassen im Alltag","potentialAction":[{"@type":"SearchAction","target":{"@type":"EntryPoint","urlTemplate":"https:\/\/www.daily-lama.com\/wellengang\/?s={search_term_string}"},"query-input":{"@type":"PropertyValueSpecification","valueRequired":true,"valueName":"search_term_string"}}],"inLanguage":"de"}]}},"_links":{"self":[{"href":"https:\/\/www.daily-lama.com\/wellengang\/wp-json\/wp\/v2\/pages\/294","targetHints":{"allow":["GET"]}}],"collection":[{"href":"https:\/\/www.daily-lama.com\/wellengang\/wp-json\/wp\/v2\/pages"}],"about":[{"href":"https:\/\/www.daily-lama.com\/wellengang\/wp-json\/wp\/v2\/types\/page"}],"author":[{"embeddable":true,"href":"https:\/\/www.daily-lama.com\/wellengang\/wp-json\/wp\/v2\/users\/1"}],"replies":[{"embeddable":true,"href":"https:\/\/www.daily-lama.com\/wellengang\/wp-json\/wp\/v2\/comments?post=294"}],"version-history":[{"count":16,"href":"https:\/\/www.daily-lama.com\/wellengang\/wp-json\/wp\/v2\/pages\/294\/revisions"}],"predecessor-version":[{"id":461,"href":"https:\/\/www.daily-lama.com\/wellengang\/wp-json\/wp\/v2\/pages\/294\/revisions\/461"}],"wp:featuredmedia":[{"embeddable":true,"href":"https:\/\/www.daily-lama.com\/wellengang\/wp-json\/wp\/v2\/media\/189"}],"wp:attachment":[{"href":"https:\/\/www.daily-lama.com\/wellengang\/wp-json\/wp\/v2\/media?parent=294"}],"curies":[{"name":"wp","href":"https:\/\/api.w.org\/{rel}","templated":true}]}}