{"id":208,"date":"2024-01-02T17:49:30","date_gmt":"2024-01-02T15:49:30","guid":{"rendered":"https:\/\/www.daily-lama.com\/wellengang\/?page_id=208"},"modified":"2024-03-25T12:40:59","modified_gmt":"2024-03-25T10:40:59","slug":"coaching-achtsamkeit","status":"publish","type":"page","link":"https:\/\/www.daily-lama.com\/wellengang\/coaching-achtsamkeit\/","title":{"rendered":"<div style=\"display:none\">Coaching<\/div>"},"content":{"rendered":"<p><div class=\"sixcol-one\"><\/div> <div class=\"sixcol-four\">\n<h1 style=\"margin-top: 1.5em; text-align: center;\"><span style=\"color: #9b9898;\">AM ANFANG DIE HERAUSFORDERUNG, AM ENDE DIE GELASSENHEIT<\/span><\/h1>\n<h1 style=\"margin-top: 1em; text-align: center; fontsize: 1.2em; font-family: Verdana;\">Achtsames Coaching f\u00fcr ein Leben ohne Stress<\/h1>\n<div class=\"woo-sc-divider\"><\/div>\n<p><img loading=\"lazy\" decoding=\"async\" class=\"aligncenter size-full wp-image-92\" src=\"https:\/\/www.daily-lama.com\/wellengang\/wp-content\/uploads\/sites\/2\/Dot-gr-orange.png\" alt=\"\" width=\"78\" height=\"77\" \/><br \/>\n<div class=\"woo-sc-divider flat\"><\/div><\/p>\n<h2 style=\"text-align: center;\">Achtsames Coaching vermittelt die F\u00e4higkeit &#8230;<\/h2>\n<div id=\"divf9\" style=\"text-align: center; margin-bottom: 4em;\">\n<p>&#8230; mit der Welle zu gehen, statt (vergebens) dagegen zu k\u00e4mpfen<\/p>\n<p style=\"text-align: center;\">&#8230; gelassen zu bleiben &#8211; auch wenn die Wogen hoch schlagen<\/p>\n<p style=\"text-align: center;\">&#8230; sich selbst und anderen Grenzen zu setzten, die sch\u00fctzen<\/p>\n<\/div>\n<p><div class=\"woo-sc-divider\"><\/div><\/p>\n<h2 style=\"text-align: center;\">Und was macht einen Coach aus?<\/h2>\n<p style=\"text-align:center;\"><strong>Von einem Coach kann man erwarten, dass er Freude daran hat, den Klienten zu seinen besten M\u00f6glichkeiten zu begleiten.<\/strong><\/p>\n<div class=\"shortcode-toggle toggle-mehr closed white\"><h4 class=\"toggle-trigger\"><a href=\"#\">mehr ... <\/a><\/h4>\n<div class=\"toggle-content\"><\/p>\n<p style=\"text-align:center;\">In einer aufmerksamen Begegnung \u00f6ffnet der Coach einen angenehmen Raum f\u00fcr frische Perspektiven, kraftvolle Gedanken und verborgene Rohstoffe. F\u00fcr den jeweils n\u00e4chsten Schritt auf dem Weg zur gew\u00fcnschten Ver\u00e4nderung. Dieser Weg, heraus aus der Enge der Situation, darf M\u00fche machen, aber nicht m\u00fchsam sein. So verwandelt sich das Schwierige in einen Anlass, \u00fcber sich hinauszugehen. Auf dem Weg zur bestm\u00f6glichen Version unser selbst.<br \/>\nGenie\u00dfen Sie Achtsames Coaching f\u00fcr ein gelassenes und kraftvolles Leben !<div class=\"woo-sc-divider flat\"><\/div><br \/>\n<strong>Thomas H\u00fcbner<\/strong><\/p>\n<p><\/div><!--\/.toggle-content-->\n<input type=\"hidden\" name=\"title_open\" value=\"weniger Text ...\" \/><input type=\"hidden\" name=\"title_closed\" value=\"mehr ... \" \/><\/div><!--\/.shortcode-toggle-->\n<div class=\"woo-sc-divider\"><\/div>\n<h2 style=\"text-align: center;\">Wie l\u00e4uft ein Coaching ab?<\/h2>\n<p style=\"text-align: center;\">Verl\u00e4uft das kostenfreie Vorgespr\u00e4ch f\u00fcr beide Seiten wunschgem\u00e4\u00df, vereinbaren wir einen ersten Termin in der Praxis. In der Regel schlie\u00dfen sich 4-8 Termine an, die einem Schema folgen:<div class=\"woo-sc-divider\"><\/div><\/p>\n<p style=\"text-align: center;\"><img loading=\"lazy\" decoding=\"async\" class=\"aligncenter size-full wp-image-85\" src=\"https:\/\/www.daily-lama.com\/wellengang\/wp-content\/uploads\/sites\/2\/count-1.png\" alt=\"\" width=\"78\" height=\"77\" \/><\/p>\n<h3 style=\"text-align: center;\">1. Wir analysieren Ihren pers\u00f6nlichen Bedarf<\/h3>\n<div style=\"text-align: center;\">Mit einer gr\u00fcndlichen Analyse nehmen wir uns Zeit, den Dingen auf die Spur zu kommen.<div class=\"shortcode-toggle toggle-mehr closed white\"><h4 class=\"toggle-trigger\"><a href=\"#\">mehr ... <\/a><\/h4>\n<div class=\"toggle-content\">Manchmal ist schnell klar, worum es gehen muss. Und manchmal ist es n\u00f6tig, etwas tiefer zu tauchen, um klare Sicht zu bekommen. In jedem Fall geht es darum, eine wichtige Frage zu beantworten, n\u00e4mlich: &#8222;Woran genau w\u00fcrden Sie feststellen und wie w\u00fcrden Sie bemerken, dass wir am Ziel angelangt sind.&#8220; Ist dies im Detail gekl\u00e4rt, wissen wir, wof\u00fcr wir miteinander arbeiten und wann unser Ziel erreicht ist.<\/div><!--\/.toggle-content-->\n<input type=\"hidden\" name=\"title_open\" value=\"weniger Text ...\" \/><input type=\"hidden\" name=\"title_closed\" value=\"mehr ... \" \/><\/div><!--\/.shortcode-toggle--><\/div>\n<div class=\"woo-sc-divider\"><\/div>\n<p style=\"text-align: center;\"><img loading=\"lazy\" decoding=\"async\" class=\"aligncenter size-full wp-image-86\" src=\"https:\/\/www.daily-lama.com\/wellengang\/wp-content\/uploads\/sites\/2\/count-2.png\" alt=\"\" width=\"78\" height=\"77\" \/><\/p>\n<div style=\"text-align: left; border-top: 0px solid grey; border-left: 1px solid grey; border-right: 1px solid grey; padding: 2.5em 2.5em 2.5em 3em;\">\n<h3 style=\"text-align: center;\">2. Wir erarbeiten eine individuelle L\u00f6sung und testen diese auf ihre Alltagstauglichkeit<\/h3>\n<p style=\"text-align: center;\">Achtsames Coaching f\u00fcr ein Leben ohne Stress nutzt unterschiedliche methodische Ans\u00e4tze, um gemeinsam mit dem Klienten L\u00f6sungen zu entwickeln.<div class=\"shortcode-toggle toggle-mehr closed white\"><h4 class=\"toggle-trigger\"><a href=\"#\">mehr ...<\/a><\/h4>\n<div class=\"toggle-content\"><\/p>\n<p style=\"text-align: center;\">Meine Klienten profitieren besonders von 3 sich erg\u00e4nzenden Zug\u00e4ngen: dem Konzept der Achtsamkeit, der Hypnosystemischen Beratung sowie praktisch-philosophischen Einsichten.<\/p>\n<h3 style=\"text-align: center;\"><strong>Zur Achtsamkeit<\/strong><\/h3>\n<p style=\"text-align: center;\"><strong>Achtsamkeit dr\u00fcckt sich in einer bestimmten Art aus, sich selbst und der Umwelt zu begegnen: Fokussiert, offen und vor allem &#8211; gelassen.<\/strong> Die achtsame Haltung ist ein ausgezeichneter Helfer, wenn Sie unter starkem Stress leiden.<\/p>\n<p style=\"text-align: center;\">Im Coaching und im Alltag reflektieren, \u00fcben und erfahren Sie die Vorteile einer achtsamen Haltung. Das ist kein standardisierter Weg. Zu jeder Zeit achten wir darauf, was zu Ihnen und Ihrem Leben passt. Zunehmend leichter wenden Sie die entlastenden \u00dcbungen der Achtsamkeit in Ihrem Alltag an. Mit fortschreitender Routine kehren Gelassenheit, Ruhe und Entspannung ein. So gewinnen Sie die Souver\u00e4nit\u00e4t \u00fcber Ihr eigenes Leben zur\u00fcck.<\/p>\n<h3 style=\"text-align: center;\"><strong>Zur Hypnosystemik <\/strong><\/h3>\n<p style=\"text-align: center;\">Das<strong> Hypnosystemische\u00a0 Coaching\u00a0<\/strong>ist ein l\u00f6sungsorientierter Beratungsansatz und gilt als effizientes Mittel f\u00fcr nachhaltige Ver\u00e4nderung: weil er tiefer gelegene Schichten unseres Gehirns adressiert. Diese Bereiche (u.a. das limbische System) sind ganz wesentlich f\u00fcr Stressreaktionen verantwortlich. Die Wortsilbe &#8222;Hypno&#8220; k\u00f6nnte irrt\u00fcmlich so verstanden werden, dass es sich dabei um eine Art von professioneller \u00dcberredungskunst handelt, die den Coach bef\u00e4higt, am Bewusstsein des Klienten vorbei dessen Leben in Ordnung zu bringen. Das Gegenteil ist der Fall: Mithilfe hoch effektiver Methoden nimmt der Klient selbst voll bewusst die gew\u00fcnschten Ver\u00e4nderungen in Angriff.<\/p>\n<h3 style=\"text-align: center;\">Zu Philosophischen Einsichten<\/h3>\n<p style=\"text-align: center;\">\u00dcrspr\u00fcnglich hat das Fach der Philosophie f\u00fcr sich in Anspruch genommen, dem Leben auf die Spur zu kommen und es mithilfe tragf\u00e4higer Gedanken besser zu bew\u00e4ltigen. Dieser Ansatz kommt in unserem Coaching wieder zum Tragen.<\/p>\n<h3 style=\"text-align: center;\">Freiraum gewinnen<\/h3>\n<p style=\"text-align: center;\">Alle Methoden, \u00dcbungen und Gedanken dienen lediglich dem einen Ziel: Einem zufriedenen Leben in befreiter Gelassenheit. Weniger darf es nicht sein.<\/div><!--\/.toggle-content-->\n<input type=\"hidden\" name=\"title_open\" value=\"weniger Text ...\" \/><input type=\"hidden\" name=\"title_closed\" value=\"mehr ...\" \/><\/div><!--\/.shortcode-toggle--><\/p>\n<\/div>\n<div class=\"woo-sc-divider\"><\/div>\n<p style=\"text-align: center;\"><img loading=\"lazy\" decoding=\"async\" class=\"aligncenter size-full wp-image-87\" src=\"https:\/\/www.daily-lama.com\/wellengang\/wp-content\/uploads\/sites\/2\/count-3.png\" alt=\"\" width=\"78\" height=\"77\" \/><\/p>\n<h3 style=\"text-align: center;\">3. Wir sorgen daf\u00fcr, dass Sie Gelassenheit und Souver\u00e4nit\u00e4t in Ihren Alltag ingegrieren k\u00f6nnen<\/h3>\n<p style=\"text-align: center;\">Speziell die Hypnosystemischen Methoden dienen dazu, an konkreten schwierigen Situationen aus dem Alltag zu arbeiten; wie z. B. an Ereignissen, die spontan Stressreaktionen ausl\u00f6sen. Auf diese Weise gewinnen Sie im Coaching jenen Freiraum zur\u00fcck, den Sie ben\u00f6tigen, um k\u00fcnftig wieder souver\u00e4n und gelassen mit Herausforderungen umzugehen.<\/p>\n<div class=\"woo-sc-divider\"><\/div>\n<p style=\"text-align: center;\"><strong><span style=\"color: #636363;\">JETZT UNVERBINDLICH INFORMIEREN!<\/span><\/strong><\/p>\n<p><img loading=\"lazy\" decoding=\"async\" class=\"aligncenter size-full wp-image-330\" src=\"https:\/\/www.daily-lama.com\/wellengang\/wp-content\/uploads\/sites\/2\/Adress-Kuller-2.png\" alt=\"Adresse Achtsamkeitstraining\" width=\"209\" height=\"206\" srcset=\"https:\/\/www.daily-lama.com\/wellengang\/wp-content\/uploads\/sites\/2\/Adress-Kuller-2.png 209w, https:\/\/www.daily-lama.com\/wellengang\/wp-content\/uploads\/sites\/2\/Adress-Kuller-2-203x200.png 203w\" sizes=\"auto, (max-width: 209px) 100vw, 209px\" \/><br \/>\n<div class=\"woo-sc-divider\"><\/div><\/p>\n<h3 style=\"text-align: center;\">KOSTEN PRO 90-min\u00fctige BERATUNG, je zzgl. Ust.<\/h3>\n<table id=\"t01\" style=\"padding: 1px; border-spacing: 0px; border: 0px solid; height: 144px;\" width=\"910\">\n<tbody>\n<tr id=\"t01\">\n<td width=\"50%\">\n<div class=\"\" style=\"text-align: center;\" align=\"center\"><span style=\"color: #808080;\"><strong>Mitarbeiter ohne Personalverantwortung<br \/>\n<\/strong><\/span><\/div>\n<\/td>\n<td width=\"50%\">\n<div class=\"\" align=\"center\"><span style=\"color: #808080;\"><strong>F\u00fchrungspersonal | Management<br \/>\n<\/strong><\/span><\/div>\n<\/td>\n<\/tr>\n<tr>\n<td>\n<div align=\"center\"><span class=\"\">150 \u20ac<\/span><span class=\"\"><br \/>\n<\/span><\/div>\n<\/td>\n<td>\n<div class=\"\" align=\"center\"><span class=\"\">220 \u20ac<\/span><span class=\"\"><br \/>\n<\/span><\/div>\n<\/td>\n<\/tr>\n<tr>\n<td>\n<div class=\"\" align=\"center\"><span style=\"color: #808080;\"><strong>non-profit<br \/>\n<\/strong><\/span><\/div>\n<\/td>\n<td style=\"text-align: center;\"><span style=\"color: #808080;\"><strong><span class=\"\">non-profit<br \/>\n<\/span><\/strong><\/span><\/td>\n<\/tr>\n<tr>\n<td>\n<div class=\"\" align=\"center\">100 \u20ac<\/div>\n<\/td>\n<td>\n<div align=\"center\"><span class=\"\">120 \u20ac<\/span><span class=\"\"><br \/>\n<\/span><\/div>\n<\/td>\n<\/tr>\n<\/tbody>\n<\/table>\n<div class=\"woo-sc-divider\"><\/div>\n<h3 style=\"text-align: center; margin-top: 2em;\"><strong> TIPPS ZUR SELBSTHILFE<br \/>\n<\/strong><\/h3>\n<div class=\"woo-sc-divider\"><\/div>\n<p><img loading=\"lazy\" decoding=\"async\" class=\"aligncenter size-full wp-image-92\" src=\"https:\/\/www.daily-lama.com\/wellengang\/wp-content\/uploads\/sites\/2\/Dot-gr-orange.png\" alt=\"\" width=\"78\" height=\"77\" \/><\/p>\n<p style=\"text-align: center;\"><a href=\"https:\/\/www.daily-lama.com\/wellengang\/sport-hilft-sehr-gut-gegen-stress\/\" target=\"_blank\" rel=\"noopener noreferrer\">SPORT GEGEN STRESS<\/a><\/p>\n<p style=\"text-align: center;\"><a href=\"https:\/\/www.daily-lama.com\/wellengang\/uebung-3-minuten-achtsamkeit-gegen-stress\/\" target=\"_blank\" rel=\"noopener noreferrer\">3 MINUTEN ACHTSAMKEIT GEGEN STRESS<\/a><\/p>\n<p style=\"text-align: center;\"><a href=\"https:\/\/www.daily-lama.com\/blog\/2021\/05\/achtsamkeit-gegen-verspannung\/\">ACHTSAMKEIT UND SCHMERZ<\/a><\/p>\n<p style=\"text-align: center; margin-top: 2em;\"><div class=\"woo-sc-divider\"><\/div><div class=\"woo-sc-hr\"><\/div><div class=\"woo-sc-divider flat\"><\/div><\/p>\n<h3 style=\"text-align: center; margin-top: 2em;\"><strong>DAS EBOOK GEGEN STRESS<br \/>\n<\/strong><\/h3>\n<p style=\"text-align: center; margin-top: 2em;\"><a href=\"https:\/\/www.daily-lama.com\/wellengang\/buecher-zu-achtsamkeit-und-auszeit\/\"><img loading=\"lazy\" decoding=\"async\" class=\"aligncenter size-medium wp-image-496\" src=\"https:\/\/www.daily-lama.com\/wellengang\/wp-content\/uploads\/sites\/2\/2024_buchcover-mbsr-194x300.png\" alt=\"Stress und Achtsamkeit, 8-Wochen-Kurs f\u00fcr Selbstlerner\" width=\"194\" height=\"300\" srcset=\"https:\/\/www.daily-lama.com\/wellengang\/wp-content\/uploads\/sites\/2\/2024_buchcover-mbsr-194x300.png 194w, https:\/\/www.daily-lama.com\/wellengang\/wp-content\/uploads\/sites\/2\/2024_buchcover-mbsr-129x200.png 129w, https:\/\/www.daily-lama.com\/wellengang\/wp-content\/uploads\/sites\/2\/2024_buchcover-mbsr.png 506w\" sizes=\"auto, (max-width: 194px) 100vw, 194px\" \/><\/a><em><strong>Kundenfeedback<\/strong>: &#8222;Hilfreichund professionell &#8211; Sehr gut! Eine detaillierte Anleitung zum &#8222;selber machen&#8220;. Sie ist f\u00fcr Anf\u00e4nger absolut verst\u00e4ndlich gehalten und bietet ein sch\u00f6nes Lernprogramm. Die Audio-Dateien helfen beim selbst lernen und lockern das Thema auf.<br \/>\nAbsolut empfehlenswert.&#8220;<\/em><\/p>\n<p><div class=\"woo-sc-divider\"><\/div><div class=\"woo-sc-hr\"><\/div><div class=\"woo-sc-divider flat\"><\/div><\/p>\n<div style=\"border: 0px solid grey; padding: 1em;\">\n<h3 style=\"text-align: center;\"><strong>DAS BUCH F\u00dcR KLEINE UND GROSSE AUSZEITEN<\/strong><\/h3>\n<p style=\"text-align: center; margin-top: 2em;\"><a href=\"https:\/\/www.daily-lama.com\/wellengang\/buecher-zu-achtsamkeit-und-auszeit\/\"><img loading=\"lazy\" decoding=\"async\" class=\"aligncenter size-full wp-image-90\" src=\"https:\/\/www.daily-lama.com\/wellengang\/wp-content\/uploads\/sites\/2\/cover-auszeit-fuer-huebner-seite-192x300-1.gif\" alt=\"\" width=\"192\" height=\"300\" \/><\/a><\/p>\n<p style=\"text-align: center;\"><em><strong>Stern<\/strong>: &#8220; Sehr \u00fcbersichtlich gestaltet, unpr\u00e4tenti\u00f6s geschrieben, mit \u00fcberzeugenden Motivationstipps.&#8220;<\/em><\/p>\n<p style=\"text-align: center;\"><em><strong>Magazin Bilanz<\/strong>: &#8222;Thomas H\u00fcbners Buch hilft gestressten Menschen, ihren beruflichen Alltag hinter sich zu lassen. Sehr praxisnah &#8230;&#8220;<\/em><\/p>\n<\/div><div class=\"sixcol-one last\"><\/div><div class=\"clear\"><\/div><\/p>\n<\/div>\n","protected":false},"excerpt":{"rendered":"","protected":false},"author":1,"featured_media":0,"parent":0,"menu_order":0,"comment_status":"closed","ping_status":"closed","template":"","meta":{"footnotes":""},"class_list":["post-208","page","type-page","status-publish","hentry"],"yoast_head":"<!-- This site is optimized with the Yoast SEO plugin v27.5 - https:\/\/yoast.com\/product\/yoast-seo-wordpress\/ -->\n<title>Coaching - Wellengang<\/title>\n<meta name=\"description\" content=\"Achtsames Coaching f\u00fcr eine Leben ohne Stress - aber in gro\u00dfer Gelassenheit. Der Ablauf des Coachings in drei Schritten.\" \/>\n<meta name=\"robots\" content=\"index, follow, max-snippet:-1, max-image-preview:large, max-video-preview:-1\" \/>\n<link rel=\"canonical\" href=\"https:\/\/www.daily-lama.com\/wellengang\/coaching-achtsamkeit\/\" \/>\n<meta property=\"og:locale\" content=\"de_DE\" \/>\n<meta property=\"og:type\" content=\"article\" \/>\n<meta property=\"og:title\" content=\"Coaching - Wellengang\" \/>\n<meta property=\"og:description\" content=\"Achtsames Coaching f\u00fcr eine Leben ohne Stress - aber in gro\u00dfer Gelassenheit. Der Ablauf des Coachings in drei Schritten.\" \/>\n<meta property=\"og:url\" content=\"https:\/\/www.daily-lama.com\/wellengang\/coaching-achtsamkeit\/\" \/>\n<meta property=\"og:site_name\" content=\"Wellengang\" \/>\n<meta property=\"article:modified_time\" content=\"2024-03-25T10:40:59+00:00\" \/>\n<meta property=\"og:image\" content=\"https:\/\/www.daily-lama.com\/wellengang\/wp-content\/uploads\/sites\/2\/Dot-gr-orange.png\" \/>\n<meta name=\"twitter:card\" content=\"summary_large_image\" \/>\n<meta name=\"twitter:label1\" content=\"Gesch\u00e4tzte Lesezeit\" \/>\n\t<meta name=\"twitter:data1\" content=\"7\u00a0Minuten\" \/>\n<script type=\"application\/ld+json\" class=\"yoast-schema-graph\">{\"@context\":\"https:\\\/\\\/schema.org\",\"@graph\":[{\"@type\":\"WebPage\",\"@id\":\"https:\\\/\\\/www.daily-lama.com\\\/wellengang\\\/coaching-achtsamkeit\\\/\",\"url\":\"https:\\\/\\\/www.daily-lama.com\\\/wellengang\\\/coaching-achtsamkeit\\\/\",\"name\":\"Coaching - Wellengang\",\"isPartOf\":{\"@id\":\"https:\\\/\\\/www.daily-lama.com\\\/wellengang\\\/#website\"},\"primaryImageOfPage\":{\"@id\":\"https:\\\/\\\/www.daily-lama.com\\\/wellengang\\\/coaching-achtsamkeit\\\/#primaryimage\"},\"image\":{\"@id\":\"https:\\\/\\\/www.daily-lama.com\\\/wellengang\\\/coaching-achtsamkeit\\\/#primaryimage\"},\"thumbnailUrl\":\"https:\\\/\\\/www.daily-lama.com\\\/wellengang\\\/wp-content\\\/uploads\\\/sites\\\/2\\\/Dot-gr-orange.png\",\"datePublished\":\"2024-01-02T15:49:30+00:00\",\"dateModified\":\"2024-03-25T10:40:59+00:00\",\"description\":\"Achtsames Coaching f\u00fcr eine Leben ohne Stress - aber in gro\u00dfer Gelassenheit. Der Ablauf des Coachings in drei Schritten.\",\"breadcrumb\":{\"@id\":\"https:\\\/\\\/www.daily-lama.com\\\/wellengang\\\/coaching-achtsamkeit\\\/#breadcrumb\"},\"inLanguage\":\"de\",\"potentialAction\":[{\"@type\":\"ReadAction\",\"target\":[\"https:\\\/\\\/www.daily-lama.com\\\/wellengang\\\/coaching-achtsamkeit\\\/\"]}]},{\"@type\":\"ImageObject\",\"inLanguage\":\"de\",\"@id\":\"https:\\\/\\\/www.daily-lama.com\\\/wellengang\\\/coaching-achtsamkeit\\\/#primaryimage\",\"url\":\"https:\\\/\\\/www.daily-lama.com\\\/wellengang\\\/wp-content\\\/uploads\\\/sites\\\/2\\\/Dot-gr-orange.png\",\"contentUrl\":\"https:\\\/\\\/www.daily-lama.com\\\/wellengang\\\/wp-content\\\/uploads\\\/sites\\\/2\\\/Dot-gr-orange.png\",\"width\":78,\"height\":77},{\"@type\":\"BreadcrumbList\",\"@id\":\"https:\\\/\\\/www.daily-lama.com\\\/wellengang\\\/coaching-achtsamkeit\\\/#breadcrumb\",\"itemListElement\":[{\"@type\":\"ListItem\",\"position\":1,\"name\":\"Startseite\",\"item\":\"https:\\\/\\\/www.daily-lama.com\\\/wellengang\\\/\"},{\"@type\":\"ListItem\",\"position\":2,\"name\":\"Coaching\"}]},{\"@type\":\"WebSite\",\"@id\":\"https:\\\/\\\/www.daily-lama.com\\\/wellengang\\\/#website\",\"url\":\"https:\\\/\\\/www.daily-lama.com\\\/wellengang\\\/\",\"name\":\"Wellengang\",\"description\":\"Stark im Sturm | Gelassen im Alltag\",\"potentialAction\":[{\"@type\":\"SearchAction\",\"target\":{\"@type\":\"EntryPoint\",\"urlTemplate\":\"https:\\\/\\\/www.daily-lama.com\\\/wellengang\\\/?s={search_term_string}\"},\"query-input\":{\"@type\":\"PropertyValueSpecification\",\"valueRequired\":true,\"valueName\":\"search_term_string\"}}],\"inLanguage\":\"de\"}]}<\/script>\n<!-- \/ Yoast SEO plugin. -->","yoast_head_json":{"title":"Coaching - Wellengang","description":"Achtsames Coaching f\u00fcr eine Leben ohne Stress - aber in gro\u00dfer Gelassenheit. Der Ablauf des Coachings in drei Schritten.","robots":{"index":"index","follow":"follow","max-snippet":"max-snippet:-1","max-image-preview":"max-image-preview:large","max-video-preview":"max-video-preview:-1"},"canonical":"https:\/\/www.daily-lama.com\/wellengang\/coaching-achtsamkeit\/","og_locale":"de_DE","og_type":"article","og_title":"Coaching - Wellengang","og_description":"Achtsames Coaching f\u00fcr eine Leben ohne Stress - aber in gro\u00dfer Gelassenheit. Der Ablauf des Coachings in drei Schritten.","og_url":"https:\/\/www.daily-lama.com\/wellengang\/coaching-achtsamkeit\/","og_site_name":"Wellengang","article_modified_time":"2024-03-25T10:40:59+00:00","og_image":[{"url":"https:\/\/www.daily-lama.com\/wellengang\/wp-content\/uploads\/sites\/2\/Dot-gr-orange.png","type":"","width":"","height":""}],"twitter_card":"summary_large_image","twitter_misc":{"Gesch\u00e4tzte Lesezeit":"7\u00a0Minuten"},"schema":{"@context":"https:\/\/schema.org","@graph":[{"@type":"WebPage","@id":"https:\/\/www.daily-lama.com\/wellengang\/coaching-achtsamkeit\/","url":"https:\/\/www.daily-lama.com\/wellengang\/coaching-achtsamkeit\/","name":"Coaching - Wellengang","isPartOf":{"@id":"https:\/\/www.daily-lama.com\/wellengang\/#website"},"primaryImageOfPage":{"@id":"https:\/\/www.daily-lama.com\/wellengang\/coaching-achtsamkeit\/#primaryimage"},"image":{"@id":"https:\/\/www.daily-lama.com\/wellengang\/coaching-achtsamkeit\/#primaryimage"},"thumbnailUrl":"https:\/\/www.daily-lama.com\/wellengang\/wp-content\/uploads\/sites\/2\/Dot-gr-orange.png","datePublished":"2024-01-02T15:49:30+00:00","dateModified":"2024-03-25T10:40:59+00:00","description":"Achtsames Coaching f\u00fcr eine Leben ohne Stress - aber in gro\u00dfer Gelassenheit. Der Ablauf des Coachings in drei Schritten.","breadcrumb":{"@id":"https:\/\/www.daily-lama.com\/wellengang\/coaching-achtsamkeit\/#breadcrumb"},"inLanguage":"de","potentialAction":[{"@type":"ReadAction","target":["https:\/\/www.daily-lama.com\/wellengang\/coaching-achtsamkeit\/"]}]},{"@type":"ImageObject","inLanguage":"de","@id":"https:\/\/www.daily-lama.com\/wellengang\/coaching-achtsamkeit\/#primaryimage","url":"https:\/\/www.daily-lama.com\/wellengang\/wp-content\/uploads\/sites\/2\/Dot-gr-orange.png","contentUrl":"https:\/\/www.daily-lama.com\/wellengang\/wp-content\/uploads\/sites\/2\/Dot-gr-orange.png","width":78,"height":77},{"@type":"BreadcrumbList","@id":"https:\/\/www.daily-lama.com\/wellengang\/coaching-achtsamkeit\/#breadcrumb","itemListElement":[{"@type":"ListItem","position":1,"name":"Startseite","item":"https:\/\/www.daily-lama.com\/wellengang\/"},{"@type":"ListItem","position":2,"name":"Coaching"}]},{"@type":"WebSite","@id":"https:\/\/www.daily-lama.com\/wellengang\/#website","url":"https:\/\/www.daily-lama.com\/wellengang\/","name":"Wellengang","description":"Stark im Sturm | Gelassen im Alltag","potentialAction":[{"@type":"SearchAction","target":{"@type":"EntryPoint","urlTemplate":"https:\/\/www.daily-lama.com\/wellengang\/?s={search_term_string}"},"query-input":{"@type":"PropertyValueSpecification","valueRequired":true,"valueName":"search_term_string"}}],"inLanguage":"de"}]}},"_links":{"self":[{"href":"https:\/\/www.daily-lama.com\/wellengang\/wp-json\/wp\/v2\/pages\/208","targetHints":{"allow":["GET"]}}],"collection":[{"href":"https:\/\/www.daily-lama.com\/wellengang\/wp-json\/wp\/v2\/pages"}],"about":[{"href":"https:\/\/www.daily-lama.com\/wellengang\/wp-json\/wp\/v2\/types\/page"}],"author":[{"embeddable":true,"href":"https:\/\/www.daily-lama.com\/wellengang\/wp-json\/wp\/v2\/users\/1"}],"replies":[{"embeddable":true,"href":"https:\/\/www.daily-lama.com\/wellengang\/wp-json\/wp\/v2\/comments?post=208"}],"version-history":[{"count":28,"href":"https:\/\/www.daily-lama.com\/wellengang\/wp-json\/wp\/v2\/pages\/208\/revisions"}],"predecessor-version":[{"id":556,"href":"https:\/\/www.daily-lama.com\/wellengang\/wp-json\/wp\/v2\/pages\/208\/revisions\/556"}],"wp:attachment":[{"href":"https:\/\/www.daily-lama.com\/wellengang\/wp-json\/wp\/v2\/media?parent=208"}],"curies":[{"name":"wp","href":"https:\/\/api.w.org\/{rel}","templated":true}]}}